{"id":4013,"date":"2016-03-22T04:31:27","date_gmt":"2016-03-22T04:31:27","guid":{"rendered":"http:\/\/themes.zozothemes.com\/hydd\/?page_id=4013"},"modified":"2026-03-08T12:04:13","modified_gmt":"2026-03-08T12:04:13","slug":"classic-freelancer","status":"publish","type":"page","link":"https:\/\/mistressclairedelacroix.com\/it\/","title":{"rendered":"Bdsm Fetish Milano Top Mistress"},"content":{"rendered":"<div class=\"wpb-content-wrapper\"><p>[vc_row center_row=&#8221;yes&#8221; typo_style=&#8221;light&#8221; el_id=&#8221;slider-scroll&#8221; css=&#8221;.vc_custom_1583505773678{padding-top: 90px !important;background: #171717 url(https:\/\/mistressclairedelacroix.com\/it\/wp-content\/uploads\/sites\/5\/2020\/01\/sfondo-nero-7-bellissimocomp2.jpg?id=11021) !important;}&#8221;][vc_column][vc_custom_heading text=&#8221;Benvenuti nel Mio Mondo&#8221; font_container=&#8221;tag:h2|font_size:50px|text_align:center|color:%23f5f5f5|line_height:80px&#8221; use_theme_fonts=&#8221;yes&#8221;][vc_column_text]<\/p>\n<h6 style=\"text-align: center;\"><span style=\"font-weight: 400; color: #f1f1f1;\">Se la vostra mente vi ha fatto arrivare sin qui, significa che sentite la necessit\u00e0 di una <b>donna dominante<\/b> come Me, che vi prenda per mano e vi accompagni nel misterioso e seducente <b>mondo della Dominazione.<\/b><\/span><\/h6>\n<h6 style=\"text-align: center;\"><span style=\"font-weight: 400; color: #f1f1f1;\">La mia <b>incredibile bellezza<\/b>, la mia <b>naturale assertivit\u00e0<\/b> e la mia <b>comprovata conoscenza<\/b> in materia ti trasporteranno in una <b>profonda e intensa esperienza<\/b> che ti far\u00e0 capire che c\u2019\u00e8 qualcosa di <b>pi\u00f9 grande<\/b> a cui dedicare la tua miserabile vita, qualcuno <b>da servire<\/b> e alla quale promettere la <b>tua fedelt\u00e0<\/b>. E sar\u00e0 in quel momento che realizzerai di essere pervaso dalla gioia e da un\u2019incredibile pace dei sensi, che faranno apparire chiaro ai tuoi occhi che sei nel <b>posto a te pi\u00f9 appropriato<\/b>, e di non aver altra scelta se non quella di servire la persona che avrai di fronte, Me, la <b>tua Padrona<\/b>.<\/span><\/h6>\n<p>[\/vc_column_text][vc_column_text]<\/p>\n<h5 style=\"text-align: center;\"><span style=\"color: #8f2cdb;\"><b>-&gt; NUOVA e approfondita INTERVISTA con nuovi contenuti.\u00a0<a href=\"https:\/\/hard-me.com\/2021\/03\/10\/intervista-a-mistress-claire-delacroix\/\" target=\"_blank\" rel=\"noopener noreferrer\">Leggi qui.<\/a><\/b><\/span><\/h5>\n<p>[\/vc_column_text][\/vc_column][\/vc_row][vc_row content_placement=&#8221;top&#8221; parallax=&#8221;content-moving&#8221; center_row=&#8221;yes&#8221; bg_type=&#8221;image&#8221; parallax_style=&#8221;vcpb-vz-jquery&#8221; bg_image_repeat=&#8221;no-repeat&#8221; disable_on_mobile_img_parallax=&#8221;disable_on_mobile_img_parallax_value&#8221; css=&#8221;.vc_custom_1767885307042{background: #171717 url(https:\/\/mistressclairedelacroix.com\/test\/wp-content\/uploads\/sites\/5\/2016\/04\/imagesss-01.jpeg?id=9168);}&#8221;][vc_column parallax=&#8221;content-moving&#8221; css_animation=&#8221;fadeIn&#8221; css=&#8221;.vc_custom_1564239491842{margin-right: 10px !important;margin-left: 10px !important;border-right-width: 10px !important;border-left-width: 10px !important;padding-right: 10px !important;padding-left: 10px !important;}&#8221;][info_banner_vc use_theme_fonts=&#8221;yes&#8221; btn_ptop=&#8221;0&#8243; btn_pleft=&#8221;0&#8243; border_style=&#8221;&#8221; btn_clr=&#8221;#f1f1f1&#8243; css=&#8221;.vc_custom_1772971448961{margin-top: -50px !important;}&#8221; btn_bg=&#8221;rgba(23,23,23,0.2)&#8221; btn_hvrclr=&#8221;#f1f1f1&#8243; btn_hvrbg=&#8221;#cd91ff&#8221; url=&#8221;|||&#8221; caption_urls=&#8221;&#8221; caption_url=&#8221;&#8221; caption_urlss=&#8221;&#8221;]<\/p>\n<h2 style=\"text-align: center;\"><span style=\"color: #f1f1f1;\">Tour<\/span><\/h2>\n<h6><\/h6>\n<h6><span style=\"color: #f1f1f1;\">Dal 2019 vivo a <b>Bristol<\/b> e trascorro in Inghilterra la gran parte del mio tempo. Talvolta pianifico alcuni <b>tour nell&#8217;Isola<\/b>, solitamente con meta preferenziale <b>Londra<\/b>.<\/span><\/h6>\n<h6><span style=\"color: #f1f1f1;\">Cerco ad ogni modo di garantire la mia presenza in <b>Italia<\/b> almeno <b>una volta al mese<\/b>. Quando sono nel Belpaese, la mia base \u00e8 a <b>Milano<\/b>, dove ho il mio <b>personale ed attrezzato dungeon<\/b>, e ad ogni mio ritorno uso\u00a0abbinare\u00a0<b>qualche tour<\/b> in una o due delle seguenti citt\u00e0: <b>Firenze<\/b> e <b>Trieste<\/b> tra le mie mete prioritarie, poi quando il tempo a mia disposizione me lo consente, ma meno di frequente, <b>Roma, Bologna, Genova, Cagliari<\/b> e <b>Napoli<\/b>.<\/span><\/h6>\n<h4><\/h4>\n<h4><span style=\"color: #8f2cdb;\"><b>-&gt; PROSSIMO TOUR: in ITALIA dall&#8217;11 al 19 Marzo. Citt\u00e0: Milano e Firenze.<\/b><\/span><\/h4>\n<p>[\/info_banner_vc][mvc_advanced_button align=&#8221;center&#8221; btn_text=&#8221;Vai a Tour&#8221; padding_top=&#8221;7&#8243; padding_left=&#8221;50&#8243; border_style=&#8221;solid&#8221; border_width=&#8221;1&#8243; use_theme_fonts=&#8221;yes&#8221; btn_bg=&#8221;#171717&#8243; btn_border=&#8221;#f1f1f1&#8243; btn_radius=&#8221;50&#8243; btn_hvrclr=&#8221;#f1f1f1&#8243; btn_hvrbg=&#8221;#cd91ff&#8221; btn_clr=&#8221;#f1f1f1&#8243; btn_url=&#8221;url:https%3A%2F%2Fmistressclairedelacroix.com%2Fit%2Ftour%2F|title:Tour||&#8221;][\/vc_column][\/vc_row][vc_row content_placement=&#8221;middle&#8221; css=&#8221;.vc_custom_1580087190067{margin-top: -40px !important;margin-bottom: -40px !important;background-image: url(https:\/\/mistressclairedelacroix.com\/it\/wp-content\/uploads\/sites\/5\/2020\/01\/sfondo-nero-7-bellissimocomp2.jpg?id=11021) !important;}&#8221;][vc_column css_animation=&#8221;none&#8221; css=&#8221;.vc_custom_1710029320492{padding-top: 10px !important;}&#8221;][vc_column_text css_animation=&#8221;none&#8221;]<\/p>\n<h3 style=\"text-align: center;\"><span style=\"color: #f1f1f1;\">Ultime immagini<br \/>\n<\/span><\/h3>\n<p>[\/vc_column_text]<div id=\"zozo-portfolio-wrapper-1\" class=\"zozo-portfolio-grid-wrapper zozo-isotope-grid-system style_two item-has-content\"><div class=\"zozo-isotope-wrapper no-gutter\"><div id=\"zozo_portfolio_1\" class=\"zozo-portfolio zozo-isotope-layout style_two-grid-style portfolio-cols-4 zozo-isotope-pagination\" data-columns=\"4\" data-gutter=\"0\" data-type=\"masonry\" data-layout=\"fitRows\"><div id=\"portfolio-10012\" class=\"portfolio-item isotope-post post-iso-w3 post-iso-h3 grid-cat-68  zozo-img-wrapper style-style_two\"><div class=\"post-inside-wrapper margin-top-0 animate_when_almost_visible zoom-in\" data-delay=\"200\"><div class=\"portfolio-content  overlay-full overlay-center\"><div class=\"portfolio-image-overlay-wrapper\"><a href=\"https:\/\/i0.wp.com\/mistressclairedelacroix.com\/it\/wp-content\/uploads\/sites\/5\/2019\/08\/latestPics_01.jpg?fit=971%2C673&#038;ssl=1\" data-rel=\"prettyPhoto[gallery1]\" class=\"classic-img-link\" title=\"\"><div class=\"portfolio-overlay default\" style=\"background-color:rgba(0,0,0,0.5);\"><\/div><div class=\"portfolio-img zoomin\"><img loading=\"lazy\" decoding=\"async\" class=\"img-responsive\" src=\"https:\/\/i0.wp.com\/mistressclairedelacroix.com\/it\/wp-content\/uploads\/sites\/5\/2019\/08\/latestPics_01.jpg?resize=560%2C385&#038;ssl=1\" width=\"560\" height=\"385\" alt=\"\" \/><\/div><\/a><\/div><\/div><div class=\"portfolio-bottom\"><div class=\"portfolio-title\"><h4><a title=\"\" href=\"https:\/\/mistressclairedelacroix.com\/it\/portfolio\/10012\/\"><\/a><\/h4><\/div><\/div><\/div><\/div><div id=\"portfolio-10011\" class=\"portfolio-item isotope-post post-iso-w3 post-iso-h3 grid-cat-68  zozo-img-wrapper style-style_two\"><div class=\"post-inside-wrapper margin-top-0 animate_when_almost_visible zoom-in\" data-delay=\"200\"><div class=\"portfolio-content  overlay-full overlay-center\"><div class=\"portfolio-image-overlay-wrapper\"><a href=\"https:\/\/i0.wp.com\/mistressclairedelacroix.com\/it\/wp-content\/uploads\/sites\/5\/2019\/08\/latestPics_04.jpg?fit=971%2C673&#038;ssl=1\" data-rel=\"prettyPhoto[gallery1]\" class=\"classic-img-link\" title=\"\"><div class=\"portfolio-overlay default\" style=\"background-color:rgba(0,0,0,0.5);\"><\/div><div class=\"portfolio-img zoomin\"><img loading=\"lazy\" decoding=\"async\" class=\"img-responsive\" src=\"https:\/\/i0.wp.com\/mistressclairedelacroix.com\/it\/wp-content\/uploads\/sites\/5\/2019\/08\/latestPics_04.jpg?resize=560%2C385&#038;ssl=1\" width=\"560\" height=\"385\" alt=\"\" \/><\/div><\/a><\/div><\/div><div class=\"portfolio-bottom\"><div class=\"portfolio-title\"><h4><a title=\"\" href=\"https:\/\/mistressclairedelacroix.com\/it\/portfolio\/lp3\/\"><\/a><\/h4><\/div><\/div><\/div><\/div><div id=\"portfolio-10010\" class=\"portfolio-item isotope-post post-iso-w3 post-iso-h3 grid-cat-68  zozo-img-wrapper style-style_two\"><div class=\"post-inside-wrapper margin-top-0 animate_when_almost_visible zoom-in\" data-delay=\"200\"><div class=\"portfolio-content  overlay-full overlay-center\"><div class=\"portfolio-image-overlay-wrapper\"><a href=\"https:\/\/i0.wp.com\/mistressclairedelacroix.com\/it\/wp-content\/uploads\/sites\/5\/2019\/08\/latestPics_02.jpg?fit=971%2C673&#038;ssl=1\" data-rel=\"prettyPhoto[gallery1]\" class=\"classic-img-link\" title=\"\"><div class=\"portfolio-overlay default\" style=\"background-color:rgba(0,0,0,0.5);\"><\/div><div class=\"portfolio-img zoomin\"><img loading=\"lazy\" decoding=\"async\" class=\"img-responsive\" src=\"https:\/\/i0.wp.com\/mistressclairedelacroix.com\/it\/wp-content\/uploads\/sites\/5\/2019\/08\/latestPics_02.jpg?resize=560%2C385&#038;ssl=1\" width=\"560\" height=\"385\" alt=\"\" \/><\/div><\/a><\/div><\/div><div class=\"portfolio-bottom\"><div class=\"portfolio-title\"><h4><a title=\"\" href=\"https:\/\/mistressclairedelacroix.com\/it\/portfolio\/lp2\/\"><\/a><\/h4><\/div><\/div><\/div><\/div><div id=\"portfolio-10009\" class=\"portfolio-item isotope-post post-iso-w3 post-iso-h3 grid-cat-68  zozo-img-wrapper style-style_two\"><div class=\"post-inside-wrapper margin-top-0 animate_when_almost_visible zoom-in\" data-delay=\"200\"><div class=\"portfolio-content  overlay-full overlay-center\"><div class=\"portfolio-image-overlay-wrapper\"><a href=\"https:\/\/i0.wp.com\/mistressclairedelacroix.com\/it\/wp-content\/uploads\/sites\/5\/2019\/08\/latestPics_03.jpg?fit=971%2C673&#038;ssl=1\" data-rel=\"prettyPhoto[gallery1]\" class=\"classic-img-link\" title=\"\"><div class=\"portfolio-overlay default\" style=\"background-color:rgba(0,0,0,0.5);\"><\/div><div class=\"portfolio-img zoomin\"><img loading=\"lazy\" decoding=\"async\" class=\"img-responsive\" src=\"https:\/\/i0.wp.com\/mistressclairedelacroix.com\/it\/wp-content\/uploads\/sites\/5\/2019\/08\/latestPics_03.jpg?resize=560%2C385&#038;ssl=1\" width=\"560\" height=\"385\" alt=\"\" \/><\/div><\/a><\/div><\/div><div class=\"portfolio-bottom\"><div class=\"portfolio-title\"><h4><a title=\"\" href=\"https:\/\/mistressclairedelacroix.com\/it\/portfolio\/lp\/\"><\/a><\/h4><\/div><\/div><\/div><\/div><\/div><\/div><\/div>[mvc_advanced_button align=&#8221;center&#8221; btn_text=&#8221;Vai alla Galleria&#8221; padding_top=&#8221;7&#8243; padding_left=&#8221;50&#8243; border_style=&#8221;solid&#8221; border_width=&#8221;1&#8243; use_theme_fonts=&#8221;yes&#8221; btn_bg=&#8221;#171717&#8243; btn_border=&#8221;#f1f1f1&#8243; btn_radius=&#8221;50&#8243; btn_hvrclr=&#8221;#f1f1f1&#8243; btn_hvrbg=&#8221;#cd91ff&#8221; btn_clr=&#8221;#f1f1f1&#8243; btn_url=&#8221;url:https%3A%2F%2Fmistressclairedelacroix.com%2Fit%2Fgalleria%2F|title:Galleria||&#8221;][\/vc_column][\/vc_row][vc_row center_row=&#8221;yes&#8221; bg_type=&#8221;image&#8221; parallax_style=&#8221;vcpb-vz-jquery&#8221; bg_image_repeat=&#8221;no-repeat&#8221; disable_on_mobile_img_parallax=&#8221;disable_on_mobile_img_parallax_value&#8221; css=&#8221;.vc_custom_1710166443763{background-image: url(https:\/\/mistressclairedelacroix.com\/it\/wp-content\/uploads\/sites\/5\/revslider\/portfolio-creative\/20150704_201537_edited-2.jpg?id=10414) !important;}&#8221;][vc_column css=&#8221;.vc_custom_1564794291397{padding-top: 20px !important;}&#8221;][vc_column_text css=&#8221;.vc_custom_1565194525536{background-color: rgba(0,0,0,0.01) !important;*background-color: rgb(0,0,0) !important;}&#8221;]<\/p>\n<h3 style=\"text-align: center;\"><span style=\"color: #f1f1f1;\"><em>Ultime recensioni<\/em><\/span><\/h3>\n<p>[\/vc_column_text]<div class=\"zozo-content-carousel-wrapper wpb_animate_when_almost_visible wpb_left-to-right\"><div id=\"zozo-content-carousel1\" class=\"zozo-owl-carousel owl-carousel content-carousel-slider\" data-items=\"1\"  data-slideby=\"3\"  data-items-tablet=\"1\"  data-items-mobile-landscape=\"1\"  data-items-mobile-portrait=\"1\"  data-margin=\"0\"  data-autoplay=\"true\"  data-autoplay-timeout=\"7500\"  data-loop=\"false\"  data-pagination=\"true\"  data-navigation=\"true\" >[vc_row_inner css=&#8221;.vc_custom_1591896431620{background-color: rgba(0,0,0,0.3) !important;*background-color: rgb(0,0,0) !important;}&#8221;][vc_column_inner][vc_column_text css_animation=&#8221;none&#8221;]<\/p>\n<blockquote>\n<h6 style=\"text-align: center;\"><span style=\"color: #f1f1f1;\">&#8220;All&#8217;inizio sembrava una storia, come quelle di fantasia, ma sotto sotto questo non era quanto sembrava e a guardare bene Lei ha saputo superare sempre ogni mia fantasia.&#8221;<\/span><\/h6>\n<p style=\"text-align: center;\"><span style=\"color: #999999;\">-Downunder Phil-<\/span><\/p>\n<\/blockquote>\n<p>[\/vc_column_text][\/vc_column_inner][\/vc_row_inner][vc_row_inner css=&#8221;.vc_custom_1564364193173{background-color: rgba(0,0,0,0.3) !important;*background-color: rgb(0,0,0) !important;}&#8221;][vc_column_inner][vc_column_text css_animation=&#8221;none&#8221;]<\/p>\n<blockquote>\n<h6 style=\"text-align: center;\"><span style=\"color: #f1f1f1;\">&#8220;La bellezza \u00e8 solo un dettaglio, un biglietto da visita che attira ed invoglia ad entrare nel Suo magico mondo, fatto di disciplina, sensualit\u00e0, esperienza ed energia. Professionalit\u00e0 ed empatia vengono dosate con sapienza per costruire un&#8217;esperienza sempre unica, sempre diversa. Tutto questo ho trovato in Lei e mi fa tornare, ogni volta che ci\u00f2 \u00e8 possibile.&#8221;<\/span><\/h6>\n<p style=\"text-align: center;\"><span style=\"color: #999999;\">-Paolo A.-<\/span><\/p>\n<\/blockquote>\n<p>[\/vc_column_text][\/vc_column_inner][\/vc_row_inner][vc_row_inner css=&#8221;.vc_custom_1564364128874{background-color: rgba(0,0,0,0.3) !important;*background-color: rgb(0,0,0) !important;}&#8221;][vc_column_inner][vc_column_text css_animation=&#8221;none&#8221;]<\/p>\n<blockquote>\n<h6 style=\"text-align: center;\"><span style=\"color: #f1f1f1;\">&#8220;Claire Delacroix coniuga alla perfezione eleganza e crudelt\u00e0: viso da angelo che cela un carattere da diavolo, e con raffinatezza conduce dove lei vuole, annullando la tua volont\u00e0. Dire di no al suo sguardo e alla sua voce \u00e8 impossibile. Quando si \u00e8 in ginocchio ai suoi piedi non si pu\u00f2 fare altro che soddisfare ogni suo capriccio.Riesce ad entrare nella testa con estrema disinvoltura e dopo ci\u00f2, essere nelle sue mani sar\u00e0 come aver visto il paradiso: ogni sacrificio diverr\u00e0 un piacere, ogni umiliazione una consolazione, ogni supplizio una gioia.&#8221;<\/span><\/h6>\n<p style=\"text-align: center;\"><span style=\"color: #999999;\">-Schiavo S.-<\/span><\/p>\n<\/blockquote>\n<p>[\/vc_column_text][\/vc_column_inner][\/vc_row_inner]<\/div><\/div>[\/vc_column][\/vc_row]<\/p>\n<\/div>","protected":false},"excerpt":{"rendered":"<p>[vc_row center_row=&#8221;yes&#8221; typo_style=&#8221;light&#8221; el_id=&#8221;slider-scroll&#8221; css=&#8221;.vc_custom_1583505773678{padding-top: 90px !important;background: #171717 url(https:\/\/mistressclairedelacroix.com\/it\/wp-content\/uploads\/sites\/5\/2020\/01\/sfondo-nero-7-bellissimocomp2.jpg?id=11021) !important;}&#8221;][vc_column][vc_custom_heading text=&#8221;Benvenuti nel Mio Mondo&#8221; font_container=&#8221;tag:h2|font_size:50px|text_align:center|color:%23f5f5f5|line_height:80px&#8221; use_theme_fonts=&#8221;yes&#8221;][vc_column_text] Se la vostra mente vi ha fatto arrivare sin qui, significa che sentite la&#8230;<\/p>\n","protected":false},"author":1,"featured_media":0,"parent":0,"menu_order":0,"comment_status":"closed","ping_status":"closed","template":"template-fullwidth.php","meta":{"footnotes":""},"class_list":["post-4013","page","type-page","status-publish","hentry"],"yoast_head":"<!-- This site is optimized with the Yoast SEO plugin v27.1.1 - https:\/\/yoast.com\/product\/yoast-seo-wordpress\/ -->\n<title>Mistress Claire Delacroix (it) - Bdsm Fetish Milano Top Mistress<\/title>\n<meta name=\"robots\" content=\"index, follow, max-snippet:-1, max-image-preview:large, max-video-preview:-1\" \/>\n<link rel=\"canonical\" href=\"https:\/\/mistressclairedelacroix.com\/it\/\" \/>\n<meta property=\"og:locale\" content=\"it_IT\" \/>\n<meta property=\"og:type\" content=\"article\" \/>\n<meta property=\"og:title\" content=\"Mistress Claire Delacroix (it) - Bdsm Fetish Milano Top Mistress\" \/>\n<meta property=\"og:description\" content=\"[vc_row center_row=&#8221;yes&#8221; typo_style=&#8221;light&#8221; el_id=&#8221;slider-scroll&#8221; css=&#8221;.vc_custom_1583505773678{padding-top: 90px !important;background: #171717 url(https:\/\/mistressclairedelacroix.com\/it\/wp-content\/uploads\/sites\/5\/2020\/01\/sfondo-nero-7-bellissimocomp2.jpg?id=11021) !important;}&#8221;][vc_column][vc_custom_heading text=&#8221;Benvenuti nel Mio Mondo&#8221; font_container=&#8221;tag:h2|font_size:50px|text_align:center|color:%23f5f5f5|line_height:80px&#8221; use_theme_fonts=&#8221;yes&#8221;][vc_column_text] Se la vostra mente vi ha fatto arrivare sin qui, significa che sentite la...\" \/>\n<meta property=\"og:url\" content=\"https:\/\/mistressclairedelacroix.com\/it\/\" \/>\n<meta property=\"og:site_name\" content=\"Mistress Claire Delacroix (it)\" \/>\n<meta property=\"article:modified_time\" content=\"2026-03-08T12:04:13+00:00\" \/>\n<meta name=\"twitter:card\" content=\"summary_large_image\" \/>\n<meta name=\"twitter:label1\" content=\"Tempo di lettura stimato\" \/>\n\t<meta name=\"twitter:data1\" content=\"3 minuti\" \/>\n<script type=\"application\/ld+json\" class=\"yoast-schema-graph\">{\"@context\":\"https:\/\/schema.org\",\"@graph\":[{\"@type\":\"WebPage\",\"@id\":\"https:\/\/mistressclairedelacroix.com\/it\/\",\"url\":\"https:\/\/mistressclairedelacroix.com\/it\/\",\"name\":\"Mistress Claire Delacroix (it) - Bdsm Fetish Milano Top Mistress\",\"isPartOf\":{\"@id\":\"https:\/\/mistressclairedelacroix.com\/it\/#website\"},\"datePublished\":\"2016-03-22T04:31:27+00:00\",\"dateModified\":\"2026-03-08T12:04:13+00:00\",\"breadcrumb\":{\"@id\":\"https:\/\/mistressclairedelacroix.com\/it\/#breadcrumb\"},\"inLanguage\":\"it-IT\",\"potentialAction\":[{\"@type\":\"ReadAction\",\"target\":[\"https:\/\/mistressclairedelacroix.com\/it\/\"]}]},{\"@type\":\"BreadcrumbList\",\"@id\":\"https:\/\/mistressclairedelacroix.com\/it\/#breadcrumb\",\"itemListElement\":[{\"@type\":\"ListItem\",\"position\":1,\"name\":\"Home\",\"item\":\"https:\/\/mistressclairedelacroix.com\/it\/\"},{\"@type\":\"ListItem\",\"position\":2,\"name\":\"Bdsm Fetish Milano Top Mistress\"}]},{\"@type\":\"WebSite\",\"@id\":\"https:\/\/mistressclairedelacroix.com\/it\/#website\",\"url\":\"https:\/\/mistressclairedelacroix.com\/it\/\",\"name\":\"Mistress Claire Delacroix (it)\",\"description\":\"\",\"potentialAction\":[{\"@type\":\"SearchAction\",\"target\":{\"@type\":\"EntryPoint\",\"urlTemplate\":\"https:\/\/mistressclairedelacroix.com\/it\/?s={search_term_string}\"},\"query-input\":{\"@type\":\"PropertyValueSpecification\",\"valueRequired\":true,\"valueName\":\"search_term_string\"}}],\"inLanguage\":\"it-IT\"}]}<\/script>\n<!-- \/ Yoast SEO plugin. -->","yoast_head_json":{"title":"Mistress Claire Delacroix (it) - Bdsm Fetish Milano Top Mistress","robots":{"index":"index","follow":"follow","max-snippet":"max-snippet:-1","max-image-preview":"max-image-preview:large","max-video-preview":"max-video-preview:-1"},"canonical":"https:\/\/mistressclairedelacroix.com\/it\/","og_locale":"it_IT","og_type":"article","og_title":"Mistress Claire Delacroix (it) - Bdsm Fetish Milano Top Mistress","og_description":"[vc_row center_row=&#8221;yes&#8221; typo_style=&#8221;light&#8221; el_id=&#8221;slider-scroll&#8221; css=&#8221;.vc_custom_1583505773678{padding-top: 90px !important;background: #171717 url(https:\/\/mistressclairedelacroix.com\/it\/wp-content\/uploads\/sites\/5\/2020\/01\/sfondo-nero-7-bellissimocomp2.jpg?id=11021) !important;}&#8221;][vc_column][vc_custom_heading text=&#8221;Benvenuti nel Mio Mondo&#8221; font_container=&#8221;tag:h2|font_size:50px|text_align:center|color:%23f5f5f5|line_height:80px&#8221; use_theme_fonts=&#8221;yes&#8221;][vc_column_text] Se la vostra mente vi ha fatto arrivare sin qui, significa che sentite la...","og_url":"https:\/\/mistressclairedelacroix.com\/it\/","og_site_name":"Mistress Claire Delacroix (it)","article_modified_time":"2026-03-08T12:04:13+00:00","twitter_card":"summary_large_image","twitter_misc":{"Tempo di lettura stimato":"3 minuti"},"schema":{"@context":"https:\/\/schema.org","@graph":[{"@type":"WebPage","@id":"https:\/\/mistressclairedelacroix.com\/it\/","url":"https:\/\/mistressclairedelacroix.com\/it\/","name":"Mistress Claire Delacroix (it) - Bdsm Fetish Milano Top Mistress","isPartOf":{"@id":"https:\/\/mistressclairedelacroix.com\/it\/#website"},"datePublished":"2016-03-22T04:31:27+00:00","dateModified":"2026-03-08T12:04:13+00:00","breadcrumb":{"@id":"https:\/\/mistressclairedelacroix.com\/it\/#breadcrumb"},"inLanguage":"it-IT","potentialAction":[{"@type":"ReadAction","target":["https:\/\/mistressclairedelacroix.com\/it\/"]}]},{"@type":"BreadcrumbList","@id":"https:\/\/mistressclairedelacroix.com\/it\/#breadcrumb","itemListElement":[{"@type":"ListItem","position":1,"name":"Home","item":"https:\/\/mistressclairedelacroix.com\/it\/"},{"@type":"ListItem","position":2,"name":"Bdsm Fetish Milano Top Mistress"}]},{"@type":"WebSite","@id":"https:\/\/mistressclairedelacroix.com\/it\/#website","url":"https:\/\/mistressclairedelacroix.com\/it\/","name":"Mistress Claire Delacroix (it)","description":"","potentialAction":[{"@type":"SearchAction","target":{"@type":"EntryPoint","urlTemplate":"https:\/\/mistressclairedelacroix.com\/it\/?s={search_term_string}"},"query-input":{"@type":"PropertyValueSpecification","valueRequired":true,"valueName":"search_term_string"}}],"inLanguage":"it-IT"}]}},"jetpack_sharing_enabled":true,"_links":{"self":[{"href":"https:\/\/mistressclairedelacroix.com\/it\/wp-json\/wp\/v2\/pages\/4013","targetHints":{"allow":["GET"]}}],"collection":[{"href":"https:\/\/mistressclairedelacroix.com\/it\/wp-json\/wp\/v2\/pages"}],"about":[{"href":"https:\/\/mistressclairedelacroix.com\/it\/wp-json\/wp\/v2\/types\/page"}],"author":[{"embeddable":true,"href":"https:\/\/mistressclairedelacroix.com\/it\/wp-json\/wp\/v2\/users\/1"}],"replies":[{"embeddable":true,"href":"https:\/\/mistressclairedelacroix.com\/it\/wp-json\/wp\/v2\/comments?post=4013"}],"version-history":[{"count":4,"href":"https:\/\/mistressclairedelacroix.com\/it\/wp-json\/wp\/v2\/pages\/4013\/revisions"}],"predecessor-version":[{"id":11822,"href":"https:\/\/mistressclairedelacroix.com\/it\/wp-json\/wp\/v2\/pages\/4013\/revisions\/11822"}],"wp:attachment":[{"href":"https:\/\/mistressclairedelacroix.com\/it\/wp-json\/wp\/v2\/media?parent=4013"}],"curies":[{"name":"wp","href":"https:\/\/api.w.org\/{rel}","templated":true}]}}