{"id":10164,"date":"2019-08-02T22:10:34","date_gmt":"2019-08-02T22:10:34","guid":{"rendered":"https:\/\/mistressclairedelacroix.com\/test\/?page_id=10164"},"modified":"2024-03-11T14:27:42","modified_gmt":"2024-03-11T14:27:42","slug":"chi_sono","status":"publish","type":"page","link":"https:\/\/mistressclairedelacroix.com\/it\/chi_sono\/","title":{"rendered":"Chi sono"},"content":{"rendered":"<div class=\"wpb-content-wrapper\"><p>[vc_row gap=&#8221;35&#8243; center_row=&#8221;yes&#8221; typo_style=&#8221;light&#8221; css=&#8221;.vc_custom_1710118515562{margin-bottom: -30px !important;padding-top: -60px !important;background: #171717 url(https:\/\/mistressclairedelacroix.com\/it\/wp-content\/uploads\/sites\/5\/2019\/08\/BG_pattern_header.jpg?id=10730) !important;}&#8221;][vc_column width=&#8221;1\/2&#8243; css=&#8221;.vc_custom_1710029462813{margin-top: -50px !important;}&#8221;]<div class=\"zozo-parallax-header\"><div class=\"parallax-header content-style-default\"><h3 class=\"parallax-title text-left\" style=\"color:#cd91ff;\">Qualcosa in pi\u00f9 su di me..<\/h3><div class=\"parallax-desc default-style text-left\" style=\"color:#1f1f1f;\"><p><span style=\"color: #f1f1f1;\">Sono una <b>top Mistress milanese<\/b> dal profondo ed elegante fascino. La mia bellezza <b>angelica<\/b>, seppur molto <b>peccaminosa<\/b>, vi far\u00e0 prostrare ai miei divini <b>piedi<\/b>, rendendovi succubi della mia dominazione di <b>reale e superiore classe<\/b>, ma anche <b>particolarmente sadica<\/b>. Vi far\u00f2 strisciare a testa bassa nel mio <b>\u00a0<a href=\"https:\/\/mistressclairedelacroix.com\/it\/sessioni\/#section-3\" target=\"_blanck\" rel=\"noopener noreferrer\">attrezzatissimo dungeon a Milano<\/a><\/b>, oppure durante i miei <b>tour in Italia ed all&#8217;estero<\/b>, come i sottomessi quali siete.<\/span><\/p>\n<p><span style=\"color: #f1f1f1;\">Sono una grande cultrice di molte pratiche, alle quali vi sottoporr\u00f2 con oggettiva e ampia <b>conoscenza e consapevolezza<\/b>, se pur con inflessibile e categorica decisione. Amo <b>sottomettervi psicologicamente<\/b> e guardarvi dall&#8217;alto, seduta sul mio trono, mentre voi siete <b>in ginocchio davanti a me<\/b>, imploranti per poter <b>adorare<\/b> le mie bellissime <b>calzature<\/b>, le mie <b>calze<\/b> e i miei perfetti <b>piedini<\/b>, numero trentotto. <b>Adoro infliggervi sofferenza e dolore<\/b>, magari mentre siete <b>supplicanti e legati<\/b> alla mia croce di sant&#8217;Andrea o alla mia gogna, dapprima con suadente dolcezza e poi con <b>grande sadismo<\/b> e soddisfazione, fino a raggiungere i limiti dello schiavo attraverso vari oggetti da impatto, tra i quali prediligo le mie <b>fruste lunghe<\/b>, ma anche <b>paddle<\/b>, <b>cane, flogger<\/b> e molto altro. Mi piace moltissimo anche effettuare sessioni di <b>clinical<\/b>, in particolare amo gli <b>aghi<\/b> e le <b>incisioni<\/b>, ma adoro anche i <b>giochi di ruolo<\/b>, di cui sono una perfetta interprete di svariate figure quali, per esempio, quella della professoressa o magari della vostra datrice di lavoro, sodomizzando i vostri sederini con <b>plug<\/b>, <b>dildi<\/b> e <b>strapon<\/b>, oppure immobilizzandovi nel <b>bondage<\/b>, nella <b>segregazione<\/b> in cantina o confinati in gabbia mentre decido ulteriori <b>umiliazioni<\/b> quali <b>spitting<\/b>, <b>pissing<\/b> e <b>giochi dannunziani, femminilizzazione<\/b>, <b>dog e pony<\/b> training, o <b>punizioni<\/b> come <b>face slapping<\/b>, <b>trampling<\/b>, <b>ballbusting<\/b>,\u00a0 <b>fisting<\/b>, <b>tickling<\/b>, <b>torture ai capezzoli, ai piedi e ai testicoli<\/b> e molte, moltissime altre fantasie!<\/span><\/p>\n<p><span style=\"color: #f1f1f1;\"><b>Cosa aspettate a smetterla di toccarvi impunemente e a chiamarmi<\/b>, implorando con una supplica una mia udienza e ovviamente con <b>numero in chiaro<\/b>, <b>massima educazione e minime perdite del mio tempo!<\/b><\/span><\/p>\n<p>&nbsp;<\/p>\n<p><em><span style=\"color: #f1f1f1;\"><b>Mistress Claire Delacroix<\/b><\/span><\/em><\/p>\n<\/div><\/div><\/div>[\/vc_column][vc_column css_animation=&#8221;bounceInLeft&#8221; width=&#8221;1\/2&#8243; css=&#8221;.vc_custom_1564243046565{background-position: center !important;background-repeat: no-repeat !important;background-size: cover !important;}&#8221;][vc_single_image image=&#8221;10952&#8243; img_size=&#8221;601&#215;850&#8243; alignment=&#8221;center&#8221; css_animation=&#8221;none&#8221;][\/vc_column][\/vc_row][vc_row center_row=&#8221;yes&#8221; bg_overlay=&#8221;yes&#8221; typo_style=&#8221;light&#8221; bg_type=&#8221;image&#8221; parallax_style=&#8221;vcpb-vz-jquery&#8221; bg_image_repeat=&#8221;no-repeat&#8221; bg_img_attach=&#8221;fixed&#8221; parallax_sense=&#8221;0&#8243; disable_on_mobile_img_parallax=&#8221;off&#8221; css=&#8221;.vc_custom_1710167153342{padding-top: 80px !important;padding-bottom: 35px !important;background-image: url(https:\/\/mistressclairedelacroix.com\/it\/wp-content\/uploads\/sites\/5\/2019\/12\/210884comp.jpg?id=10950) !important;}&#8221;][vc_column]<div class=\"zozo-parallax-header\"><div class=\"parallax-header content-style-default\"><h2 class=\"parallax-title text-left\">Interviste<\/h2><div class=\"parallax-desc default-style text-left\" style=\"font-size:17px;line-height:32px;\"><p><span style=\"color: #f1f1f1;\">Di seguito sono riportate alcune tra <b>le pi\u00f9 rilevanti interviste<\/b> che mi \u00e8 stato chiesto di rilasciare in qualit\u00e0 di Mistress.<\/span><\/p>\n<\/div><\/div><\/div>[vc_row_inner][vc_column_inner width=&#8221;1\/4&#8243; css_animation=&#8221;fadeIn&#8221;][vc_video link=&#8221;https:\/\/vimeo.com\/240009842&#8243; align=&#8221;center&#8221;][vc_column_text]<\/p>\n<p style=\"text-align: center;\"><b>Video intervista<\/b> per il gruppo Facebook <b>&#8220;La Padrona di classe<\/b>&#8220;.<\/p>\n<p style=\"text-align: center;\"><em>(Nov, 2017)<\/em><\/p>\n<p>[\/vc_column_text][\/vc_column_inner][vc_column_inner width=&#8221;1\/4&#8243; css_animation=&#8221;fadeIn&#8221;][vc_video link=&#8221;https:\/\/vimeo.com\/254563279&#8243; align=&#8221;center&#8221;][vc_column_text]<\/p>\n<p style=\"text-align: center;\"><b>Video intervista<\/b> e<b> articolo<\/b> rilasciati nel gennaio 2018 alla testata nazionale <b>Il Giornale<\/b>, intitolato &#8220;<b>Il Piacere del Male<\/b>&#8220;. <em>(Gen 2018)<\/em><\/p>\n<p style=\"text-align: center;\"><b><a href=\"http:\/\/www.occhidellaguerra.it\/39042-2\/\" target=\"_blank\" rel=\"noopener noreferrer\">CLICCA QUI PER LEGGERE L&#8217;INTERO ARTICOLO<\/a><\/b><\/p>\n<p>[\/vc_column_text][\/vc_column_inner][vc_column_inner width=&#8221;1\/4&#8243; css_animation=&#8221;fadeIn&#8221;][vc_video link=&#8221;https:\/\/vimeo.com\/275264231&#8243; align=&#8221;center&#8221;][vc_column_text]<\/p>\n<p style=\"text-align: center;\"><b>Radio intervista<\/b> rilasciata all&#8217;emittente nazionale <b>Radio24<\/b> per il programma <b>&#8220;La Zanzara&#8221;<\/b> di Giuseppe Cruciani.<\/p>\n<p style=\"text-align: center;\"><em>(8 Giugno, 2018)<\/em><\/p>\n<p>[\/vc_column_text][\/vc_column_inner][vc_column_inner width=&#8221;1\/4&#8243;][vc_single_image image=&#8221;11488&#8243; img_size=&#8221;full&#8221; onclick=&#8221;custom_link&#8221; img_link_target=&#8221;_blank&#8221; css_animation=&#8221;fadeIn&#8221; link=&#8221;https:\/\/hard-me.com\/2021\/03\/10\/intervista-a-mistress-claire-delacroix\/&#8221;][vc_column_text]<\/p>\n<p style=\"text-align: center;\"><b>Nuova<\/b> e approfondita <b>intervista<\/b> rilasciata per sito web <b>&#8220;<\/b><b>hard-me, la voce dell&#8217;erotismo&#8221;.<\/b> <em>(Marzo, 2021)<\/em><\/p>\n<p style=\"text-align: center;\"><b><a href=\"https:\/\/hard-me.com\/2021\/03\/10\/intervista-a-mistress-claire-delacroix\/\" target=\"_blank\" rel=\"noopener noreferrer\">CLICCA QUI PER LEGGERE<\/a><\/b><\/p>\n<p>[\/vc_column_text][\/vc_column_inner][\/vc_row_inner][\/vc_column][\/vc_row][vc_row center_row=&#8221;yes&#8221; bg_overlay=&#8221;yes&#8221; css=&#8221;.vc_custom_1585875726454{background-image: url(https:\/\/mistressclairedelacroix.com\/it\/wp-content\/uploads\/sites\/5\/2020\/04\/sfondo-nero-7-bellissimoB-1b-comp.jpg?id=11254) !important;}&#8221;][vc_column]<div class=\"zozo-parallax-header\"><div class=\"parallax-header content-style-default\"><h3 class=\"parallax-title\" style=\"color:#ffffff;\">Tributo<\/h3><div class=\"parallax-desc default-style\" style=\"color:rgba(255,255,255,0.65);\"><p style=\"text-align: center;\"><span style=\"color: #f1f1f1;\"><span style=\"font-weight: 400;\">Se sei in trepidante attesa di una mia udienza, se ti senti un moneyslave o se l&#8217;idea di sottometterti a me come schiavo riempie ogni tuo volere, e la tua gioia \u00e8 rendere felice la tua Padrona, allora abbassati e in ginocchio con estrema umilt\u00e0, ma con generosit\u00e0 nello spirito, effettua la tua <\/span><span style=\"font-weight: 400;\">donazione<\/span><span style=\"font-weight: 400;\">.<\/span><\/span><\/p>\n<p style=\"text-align: center;\"><span style=\"font-weight: 400; color: #f1f1f1;\">Se hai in mente un regalo specifico o qualcosa di particolare, in questa circostanza, ti concedo di contattarmi.<\/span><\/p>\n<p style=\"text-align: center;\"><span style=\"font-weight: 400; color: #f1f1f1;\">Puoi donarmi un tributo, come semplice omaggio, anche se non rientri nelle categorie sopra descritte, ma se il mio modo di vivere il Bdsm e il mio essere Mistress ti hanno affascinato.<\/span><\/p>\n<\/div><\/div><\/div>[vc_row_inner][vc_column_inner width=&#8221;1\/4&#8243;][\/vc_column_inner][vc_column_inner width=&#8221;1\/4&#8243;][vc_column_text]<\/p>\n<div id=\"donate-button-container\">\n<div id=\"donate-button\"><\/div>\n<p><script src=\"https:\/\/www.paypalobjects.com\/donate\/sdk\/donate-sdk.js\" charset=\"UTF-8\"><\/script><br \/>\n<script>\nPayPal.Donation.Button({\nenv:'production',\nhosted_button_id:'8YRFN9ZJLLKVW',\nimage: {\nsrc:'https:\/\/www.paypalobjects.com\/en_US\/i\/btn\/btn_donate_LG.gif',\nalt:'Donate with PayPal button',\ntitle:'PayPal - The safer, easier way to pay online!',\n}\n}).render('#donate-button');\n<\/script><\/div>\n<p>[\/vc_column_text][\/vc_column_inner][vc_column_inner width=&#8221;1\/4&#8243;][vc_column_text]<a href=\"https:\/\/www.amazon.it\/hz\/wishlist\/ls\/2AC1V2KMEVH9X?ref_=wl_share\" target=\"_blank\" rel=\"noopener noreferrer\"><img data-recalc-dims=\"1\" loading=\"lazy\" decoding=\"async\" class=\"aligncenter wp-image-10379\" src=\"https:\/\/i0.wp.com\/mistressclairedelacroix.com\/test\/wp-content\/uploads\/sites\/5\/2019\/08\/Amazon-button-300x88.png?resize=100%2C29&#038;ssl=1\" alt=\"\" width=\"100\" height=\"29\" srcset=\"https:\/\/i0.wp.com\/mistressclairedelacroix.com\/it\/wp-content\/uploads\/sites\/5\/2019\/08\/Amazon-button.png?resize=300%2C88&amp;ssl=1 300w, https:\/\/i0.wp.com\/mistressclairedelacroix.com\/it\/wp-content\/uploads\/sites\/5\/2019\/08\/Amazon-button.png?w=476&amp;ssl=1 476w\" sizes=\"auto, (max-width: 100px) 100vw, 100px\" \/><\/a>[\/vc_column_text][\/vc_column_inner][vc_column_inner width=&#8221;1\/4&#8243;][\/vc_column_inner][\/vc_row_inner][\/vc_column][\/vc_row]<\/p>\n<\/div>","protected":false},"excerpt":{"rendered":"<p>[vc_row gap=&#8221;35&#8243; center_row=&#8221;yes&#8221; typo_style=&#8221;light&#8221; css=&#8221;.vc_custom_1710118515562{margin-bottom: -30px !important;padding-top: -60px !important;background: #171717 url(https:\/\/mistressclairedelacroix.com\/it\/wp-content\/uploads\/sites\/5\/2019\/08\/BG_pattern_header.jpg?id=10730) !important;}&#8221;][vc_column width=&#8221;1\/2&#8243; css=&#8221;.vc_custom_1710029462813{margin-top: -50px !important;}&#8221;][\/vc_column][vc_column css_animation=&#8221;bounceInLeft&#8221; width=&#8221;1\/2&#8243; css=&#8221;.vc_custom_1564243046565{background-position: center !important;background-repeat: no-repeat !important;background-size: cover !important;}&#8221;][vc_single_image image=&#8221;10952&#8243; img_size=&#8221;601&#215;850&#8243; alignment=&#8221;center&#8221; css_animation=&#8221;none&#8221;][\/vc_column][\/vc_row][vc_row center_row=&#8221;yes&#8221;&#8230;<\/p>\n","protected":false},"author":1,"featured_media":0,"parent":0,"menu_order":0,"comment_status":"closed","ping_status":"closed","template":"template-fullwidth.php","meta":{"footnotes":""},"class_list":["post-10164","page","type-page","status-publish","hentry"],"yoast_head":"<!-- This site is optimized with the Yoast SEO plugin v27.1.1 - https:\/\/yoast.com\/product\/yoast-seo-wordpress\/ -->\n<title>Chi sono - Mistress Claire Delacroix (it)<\/title>\n<meta name=\"robots\" content=\"index, follow, max-snippet:-1, max-image-preview:large, max-video-preview:-1\" \/>\n<link rel=\"canonical\" href=\"https:\/\/mistressclairedelacroix.com\/it\/chi_sono\/\" \/>\n<meta property=\"og:locale\" content=\"it_IT\" \/>\n<meta property=\"og:type\" content=\"article\" \/>\n<meta property=\"og:title\" content=\"Chi sono - Mistress Claire Delacroix (it)\" \/>\n<meta property=\"og:description\" content=\"[vc_row gap=&#8221;35&#8243; center_row=&#8221;yes&#8221; typo_style=&#8221;light&#8221; css=&#8221;.vc_custom_1710118515562{margin-bottom: -30px !important;padding-top: -60px !important;background: #171717 url(https:\/\/mistressclairedelacroix.com\/it\/wp-content\/uploads\/sites\/5\/2019\/08\/BG_pattern_header.jpg?id=10730) !important;}&#8221;][vc_column width=&#8221;1\/2&#8243; css=&#8221;.vc_custom_1710029462813{margin-top: -50px !important;}&#8221;][\/vc_column][vc_column css_animation=&#8221;bounceInLeft&#8221; width=&#8221;1\/2&#8243; css=&#8221;.vc_custom_1564243046565{background-position: center !important;background-repeat: no-repeat !important;background-size: cover !important;}&#8221;][vc_single_image image=&#8221;10952&#8243; img_size=&#8221;601&#215;850&#8243; alignment=&#8221;center&#8221; css_animation=&#8221;none&#8221;][\/vc_column][\/vc_row][vc_row center_row=&#8221;yes&#8221;...\" \/>\n<meta property=\"og:url\" content=\"https:\/\/mistressclairedelacroix.com\/it\/chi_sono\/\" \/>\n<meta property=\"og:site_name\" content=\"Mistress Claire Delacroix (it)\" \/>\n<meta property=\"article:modified_time\" content=\"2024-03-11T14:27:42+00:00\" \/>\n<meta property=\"og:image\" content=\"https:\/\/mistressclairedelacroix.com\/test\/wp-content\/uploads\/sites\/5\/2019\/08\/Amazon-button-300x88.png\" \/>\n<meta name=\"twitter:card\" content=\"summary_large_image\" \/>\n<meta name=\"twitter:label1\" content=\"Tempo di lettura stimato\" \/>\n\t<meta name=\"twitter:data1\" content=\"5 minuti\" \/>\n<script type=\"application\/ld+json\" class=\"yoast-schema-graph\">{\"@context\":\"https:\/\/schema.org\",\"@graph\":[{\"@type\":\"WebPage\",\"@id\":\"https:\/\/mistressclairedelacroix.com\/it\/chi_sono\/\",\"url\":\"https:\/\/mistressclairedelacroix.com\/it\/chi_sono\/\",\"name\":\"Chi sono - Mistress Claire Delacroix (it)\",\"isPartOf\":{\"@id\":\"https:\/\/mistressclairedelacroix.com\/it\/#website\"},\"primaryImageOfPage\":{\"@id\":\"https:\/\/mistressclairedelacroix.com\/it\/chi_sono\/#primaryimage\"},\"image\":{\"@id\":\"https:\/\/mistressclairedelacroix.com\/it\/chi_sono\/#primaryimage\"},\"thumbnailUrl\":\"https:\/\/mistressclairedelacroix.com\/test\/wp-content\/uploads\/sites\/5\/2019\/08\/Amazon-button-300x88.png\",\"datePublished\":\"2019-08-02T22:10:34+00:00\",\"dateModified\":\"2024-03-11T14:27:42+00:00\",\"breadcrumb\":{\"@id\":\"https:\/\/mistressclairedelacroix.com\/it\/chi_sono\/#breadcrumb\"},\"inLanguage\":\"it-IT\",\"potentialAction\":[{\"@type\":\"ReadAction\",\"target\":[\"https:\/\/mistressclairedelacroix.com\/it\/chi_sono\/\"]}]},{\"@type\":\"ImageObject\",\"inLanguage\":\"it-IT\",\"@id\":\"https:\/\/mistressclairedelacroix.com\/it\/chi_sono\/#primaryimage\",\"url\":\"https:\/\/mistressclairedelacroix.com\/test\/wp-content\/uploads\/sites\/5\/2019\/08\/Amazon-button-300x88.png\",\"contentUrl\":\"https:\/\/mistressclairedelacroix.com\/test\/wp-content\/uploads\/sites\/5\/2019\/08\/Amazon-button-300x88.png\"},{\"@type\":\"BreadcrumbList\",\"@id\":\"https:\/\/mistressclairedelacroix.com\/it\/chi_sono\/#breadcrumb\",\"itemListElement\":[{\"@type\":\"ListItem\",\"position\":1,\"name\":\"Home\",\"item\":\"https:\/\/mistressclairedelacroix.com\/it\/\"},{\"@type\":\"ListItem\",\"position\":2,\"name\":\"Chi sono\"}]},{\"@type\":\"WebSite\",\"@id\":\"https:\/\/mistressclairedelacroix.com\/it\/#website\",\"url\":\"https:\/\/mistressclairedelacroix.com\/it\/\",\"name\":\"Mistress Claire Delacroix (it)\",\"description\":\"\",\"potentialAction\":[{\"@type\":\"SearchAction\",\"target\":{\"@type\":\"EntryPoint\",\"urlTemplate\":\"https:\/\/mistressclairedelacroix.com\/it\/?s={search_term_string}\"},\"query-input\":{\"@type\":\"PropertyValueSpecification\",\"valueRequired\":true,\"valueName\":\"search_term_string\"}}],\"inLanguage\":\"it-IT\"}]}<\/script>\n<!-- \/ Yoast SEO plugin. -->","yoast_head_json":{"title":"Chi sono - Mistress Claire Delacroix (it)","robots":{"index":"index","follow":"follow","max-snippet":"max-snippet:-1","max-image-preview":"max-image-preview:large","max-video-preview":"max-video-preview:-1"},"canonical":"https:\/\/mistressclairedelacroix.com\/it\/chi_sono\/","og_locale":"it_IT","og_type":"article","og_title":"Chi sono - Mistress Claire Delacroix (it)","og_description":"[vc_row gap=&#8221;35&#8243; center_row=&#8221;yes&#8221; typo_style=&#8221;light&#8221; css=&#8221;.vc_custom_1710118515562{margin-bottom: -30px !important;padding-top: -60px !important;background: #171717 url(https:\/\/mistressclairedelacroix.com\/it\/wp-content\/uploads\/sites\/5\/2019\/08\/BG_pattern_header.jpg?id=10730) !important;}&#8221;][vc_column width=&#8221;1\/2&#8243; css=&#8221;.vc_custom_1710029462813{margin-top: -50px !important;}&#8221;][\/vc_column][vc_column css_animation=&#8221;bounceInLeft&#8221; width=&#8221;1\/2&#8243; css=&#8221;.vc_custom_1564243046565{background-position: center !important;background-repeat: no-repeat !important;background-size: cover !important;}&#8221;][vc_single_image image=&#8221;10952&#8243; img_size=&#8221;601&#215;850&#8243; alignment=&#8221;center&#8221; css_animation=&#8221;none&#8221;][\/vc_column][\/vc_row][vc_row center_row=&#8221;yes&#8221;...","og_url":"https:\/\/mistressclairedelacroix.com\/it\/chi_sono\/","og_site_name":"Mistress Claire Delacroix (it)","article_modified_time":"2024-03-11T14:27:42+00:00","og_image":[{"url":"https:\/\/mistressclairedelacroix.com\/test\/wp-content\/uploads\/sites\/5\/2019\/08\/Amazon-button-300x88.png","type":"","width":"","height":""}],"twitter_card":"summary_large_image","twitter_misc":{"Tempo di lettura stimato":"5 minuti"},"schema":{"@context":"https:\/\/schema.org","@graph":[{"@type":"WebPage","@id":"https:\/\/mistressclairedelacroix.com\/it\/chi_sono\/","url":"https:\/\/mistressclairedelacroix.com\/it\/chi_sono\/","name":"Chi sono - Mistress Claire Delacroix (it)","isPartOf":{"@id":"https:\/\/mistressclairedelacroix.com\/it\/#website"},"primaryImageOfPage":{"@id":"https:\/\/mistressclairedelacroix.com\/it\/chi_sono\/#primaryimage"},"image":{"@id":"https:\/\/mistressclairedelacroix.com\/it\/chi_sono\/#primaryimage"},"thumbnailUrl":"https:\/\/mistressclairedelacroix.com\/test\/wp-content\/uploads\/sites\/5\/2019\/08\/Amazon-button-300x88.png","datePublished":"2019-08-02T22:10:34+00:00","dateModified":"2024-03-11T14:27:42+00:00","breadcrumb":{"@id":"https:\/\/mistressclairedelacroix.com\/it\/chi_sono\/#breadcrumb"},"inLanguage":"it-IT","potentialAction":[{"@type":"ReadAction","target":["https:\/\/mistressclairedelacroix.com\/it\/chi_sono\/"]}]},{"@type":"ImageObject","inLanguage":"it-IT","@id":"https:\/\/mistressclairedelacroix.com\/it\/chi_sono\/#primaryimage","url":"https:\/\/mistressclairedelacroix.com\/test\/wp-content\/uploads\/sites\/5\/2019\/08\/Amazon-button-300x88.png","contentUrl":"https:\/\/mistressclairedelacroix.com\/test\/wp-content\/uploads\/sites\/5\/2019\/08\/Amazon-button-300x88.png"},{"@type":"BreadcrumbList","@id":"https:\/\/mistressclairedelacroix.com\/it\/chi_sono\/#breadcrumb","itemListElement":[{"@type":"ListItem","position":1,"name":"Home","item":"https:\/\/mistressclairedelacroix.com\/it\/"},{"@type":"ListItem","position":2,"name":"Chi sono"}]},{"@type":"WebSite","@id":"https:\/\/mistressclairedelacroix.com\/it\/#website","url":"https:\/\/mistressclairedelacroix.com\/it\/","name":"Mistress Claire Delacroix (it)","description":"","potentialAction":[{"@type":"SearchAction","target":{"@type":"EntryPoint","urlTemplate":"https:\/\/mistressclairedelacroix.com\/it\/?s={search_term_string}"},"query-input":{"@type":"PropertyValueSpecification","valueRequired":true,"valueName":"search_term_string"}}],"inLanguage":"it-IT"}]}},"jetpack_sharing_enabled":true,"_links":{"self":[{"href":"https:\/\/mistressclairedelacroix.com\/it\/wp-json\/wp\/v2\/pages\/10164","targetHints":{"allow":["GET"]}}],"collection":[{"href":"https:\/\/mistressclairedelacroix.com\/it\/wp-json\/wp\/v2\/pages"}],"about":[{"href":"https:\/\/mistressclairedelacroix.com\/it\/wp-json\/wp\/v2\/types\/page"}],"author":[{"embeddable":true,"href":"https:\/\/mistressclairedelacroix.com\/it\/wp-json\/wp\/v2\/users\/1"}],"replies":[{"embeddable":true,"href":"https:\/\/mistressclairedelacroix.com\/it\/wp-json\/wp\/v2\/comments?post=10164"}],"version-history":[{"count":3,"href":"https:\/\/mistressclairedelacroix.com\/it\/wp-json\/wp\/v2\/pages\/10164\/revisions"}],"predecessor-version":[{"id":11693,"href":"https:\/\/mistressclairedelacroix.com\/it\/wp-json\/wp\/v2\/pages\/10164\/revisions\/11693"}],"wp:attachment":[{"href":"https:\/\/mistressclairedelacroix.com\/it\/wp-json\/wp\/v2\/media?parent=10164"}],"curies":[{"name":"wp","href":"https:\/\/api.w.org\/{rel}","templated":true}]}}